{"id":709,"date":"2025-10-15T06:38:11","date_gmt":"2025-10-15T06:38:11","guid":{"rendered":"https:\/\/www.trutscherhaeusl.com\/impressum\/"},"modified":"2026-02-09T13:33:04","modified_gmt":"2026-02-09T13:33:04","slug":"impressum","status":"publish","type":"page","link":"https:\/\/www.trutscherhaeusl.com\/it\/impressum\/","title":{"rendered":"Impressum"},"content":{"rendered":"\t\t<div data-elementor-type=\"wp-page\" data-elementor-id=\"709\" class=\"elementor elementor-709 elementor-668\" data-elementor-post-type=\"page\">\n\t\t\t\t<div class=\"elementor-element elementor-element-a9f8d76 e-con-full page-without-hero e-flex e-con e-parent\" data-id=\"a9f8d76\" data-element_type=\"container\">\n\t\t<div class=\"elementor-element elementor-element-13be401 e-con-full p-all-m e-flex e-con e-child\" data-id=\"13be401\" data-element_type=\"container\">\n\t\t\t\t<div class=\"elementor-element elementor-element-79bf7dd elementor-widget elementor-widget-heading\" data-id=\"79bf7dd\" data-element_type=\"widget\" data-widget_type=\"heading.default\">\n\t\t\t\t\t<h2 class=\"elementor-heading-title elementor-size-default\">Impressum<\/h2>\t\t\t\t<\/div>\n\t\t\t\t<div class=\"elementor-element elementor-element-6e48e71 elementor-widget elementor-widget-html\" data-id=\"6e48e71\" data-element_type=\"widget\" data-widget_type=\"html.default\">\n\t\t\t\t\t<div class=\"impr\">\n<div class=\"impr-top\">\n    <br><address>\n<strong>Trutscher Haeusl<\/strong><br>Magdalenaweg 7<br>39040 Villn\u00f6ss<br>Tel. <a href=\"tel:+393780038777\">+39 378 003 8777<\/a><br>E-Mail: <a href=\"mailto:welcome@trutscherhaeusl.com\">welcome@trutscherhaeusl.com<\/a><br>Internet: <a href=\"https:\/\/trutscherhaeusl.com\/it\" target=\"_blank\" rel=\"noopener\">\n  trutscherhaeusl.com\n<\/a><br><br><strong>Rappresentante legale: Lisa Runggatscher<\/strong><br>Handelskammer: Bozen<br>REA Nr. BZ-250429<br>P. IVA: 03322770219<br>Cod. Fisc.: RNGLSI92R67B160Z<br>CIN: IT021033B453P4K65Y\n<\/address><br><br><\/div>\n\n\n<p><strong>Copyright per le immagini e grafiche utilizzate<\/strong><\/p>\n\n<p>\n<\/p><ul class=\"no-m\">\n\t<li>IDM \/ Armin Huber<\/li>\n\t<li>IDM \/ Manuel Ferrigato<\/li>\n\t<li>IDM \/ Rene Gruber <\/li>\n\t<li>NAME ihres Fotografen<\/li>\n\t\n<\/ul>\n<p><\/p>\n\n<p>&nbsp;<\/p>\n\n<p><strong>Risoluzione delle controversie<\/strong><br>\nInformazioni obbligatorie ai sensi del Regolamento UE n. 524\/2013 del Parlamento e Consiglio europeo. Piattaforma per la risoluzione online delle controversie (ODR) della <a target=\"_blank\" href=\"https:\/\/ec.europa.eu\/consumers\/odr\/main\/?event=main.trader.register\">Commissione europea<\/a>\n<\/p>\n\n<p>&nbsp;<\/p>\n\n<p><strong>Concetto e realizzazione<\/strong><br>muwit der sandra stablum<br>Citt\u00e1 Alta 60<br>39043 Chiusa (BZ)<br>Tel. <a href=\"tel:+3920347201330206\">+39 347 1330206<\/a><br>MwSt. Nr. IT02730810211<br>St. Nr. STB SDR 88 A44 B160 S<br><a href=\"mailto:info@muwit.it\">info@muwit.it<\/a><br><a href=\"https:\/\/muwit.it\/it\" target=\"_blank\" rel=\"noopener\">www.muwit.it<\/a><\/p>\n\n<p>&nbsp;<\/p>\n\n<p><strong>Responsabile per il contenuto:<\/strong><br><strong>Dichiarazione liberatoria:<\/strong><br><br><\/p><p>\n<strong>Responsabilit\u00e0 per i contenuti<\/strong><br>\nDie I contenuti delle nostre pagine sono stati redatti, elaborati e controllati scrupolosamente. Tuttavia, non ci assumiamo nessuna responsabilit\u00e0 per la correttezza, qualit\u00e0, completezza e attualit\u00e0 dei contenuti, poich\u00e9 non \u00e8 da escludere che siano cambiati nel tempo. Come prestatori di servizi siamo responsabili per i contenuti di queste pagine in base alla normativa vigente. Nella nostra qualit\u00e0 di prestatori di servizi non siamo per\u00f2 obbligati a controllare l\u2019esattezza di informazioni ricevute o salvate da terzi, o a controllare se sussistano irregolarit\u00e0 che indichino un\u2019attivit\u00e0 illegale. L\u2019obbligo di rimuovere o bloccare l\u2019utilizzo di informazioni secondo la normativa vigente rimane valido. L\u2019assunzione di tale responsabilit\u00e0 \u00e8 tuttavia possibile solamente dopo il momento dell\u2019effettivo riconoscimento da parte nostra di una concreta violazione di diritto. Alla presa d\u2019atto di tali violazioni di legge provvederemo immediatamente alla rimozione dei contenuti in questione.\nSi escludono di principio le rivendicazioni di responsabilit\u00e0 di qualsiasi tipo causate dall\u2019utilizzo di informazioni messe a disposizione, oppure da informazioni errate e\/o incomplete.\n\n<br><br><strong>Responsabilit\u00e0 per i link:<\/strong><br>\nLa nostra offerta contiene dei collegamenti ipertestuali con siti web esterni di terzi, sui cui contenuti non possiamo influire. Per questo motivo non forniamo nessuna garanzia sui contenuti dei siti web linkati, indipendentemente dal tipo e dalla natura. Ne \u00e8 responsabile solamente il relativo proprietario o gestore del sito. Un controllo permanente dei contenuti dei siti linkati al presente non \u00e8 fattibile senza concreti punti di riferimento. All\u2019avvenuta conoscenza d\u2019infrazioni contro la legge causate dai siti web linkati, i link in questione saranno subito rimossi.\n<br><br><strong>Copyright:<\/strong><br>\nTutti i contenuti e le opere creati dal web designer e dai gestori del sito sono protetti da copyright. La riproduzione, l\u2019alterazione, la distribuzione e qualsiasi forma di utilizzo, soprattutto per scopi commerciali, al di fuori dei limiti del diritto d\u2019autore, sono severamente vietate e ammesse esclusivamente previa autorizzazione scritta del relativo autore o creatore. Nel caso i contenuti di questa pagina non siano stati creati dal gestore, sono da rispettare i diritti di copyright di terzi. I contenuti redatti da terzi sono contrassegnati come tali. In caso doveste notare una violazione del copyright, vi preghiamo gentilmente di farci pervenire un\u2019apposita segnalazione. All\u2019atto di presa di conoscenza di tali violazioni di legge, i contenuti in questione saranno naturalmente rimossi subito, senza per\u00f2 assumerne nessuna responsabilit\u00e0.\n<\/p>\n\n<\/div>\n<style>\n    .impr {\n    text-align: center;\n}\n\n.impr * {\n   color:var(--e-global-color-text);\n    margin-inline: auto;\n    max-width: 80dvw;\n}\n\n.impr ul li {\n    margin-bottom: 1rem;\n}\n.impr ul {\n    margin-top: 1rem;\n    list-style: none;\n}\nul.no-m, ul.no-m * {\n    margin: auto!important;\n    padding-inline: 0;\n}\n\naddress  {\n    text-transform: normal;\n    font-style: normal;\n}\n<\/style>\t\t\t\t<\/div>\n\t\t\t\t<\/div>\n\t\t\t\t<\/div>\n\t\t\t\t<\/div>\n\t\t","protected":false},"excerpt":{"rendered":"<p>Impressum Trutscher HaeuslMagdalenaweg 739040 Villn\u00f6ssTel. +39 378 003 8777E-Mail: welcome@trutscherhaeusl.comInternet: trutscherhaeusl.com Rappresentante legale: Lisa RunggatscherHandelskammer: BozenREA Nr. BZ-250429P. IVA: 03322770219Cod. Fisc.: RNGLSI92R67B160ZCIN: IT021033B453P4K65Y Copyright per le immagini e grafiche utilizzate IDM \/ Armin Huber IDM \/ Manuel Ferrigato IDM \/ Rene Gruber NAME ihres Fotografen &nbsp; Risoluzione delle controversie Informazioni obbligatorie ai sensi del Regolamento [&hellip;]<\/p>\n","protected":false},"author":1,"featured_media":0,"parent":0,"menu_order":0,"comment_status":"closed","ping_status":"closed","template":"","meta":{"footnotes":""},"class_list":["post-709","page","type-page","status-publish","hentry"],"yoast_head":"<!-- This site is optimized with the Yoast SEO plugin v26.2 - https:\/\/yoast.com\/wordpress\/plugins\/seo\/ -->\n<title>Impressum<\/title>\n<meta name=\"description\" content=\"Impressum\" \/>\n<meta name=\"robots\" content=\"noindex, follow\" \/>\n<meta property=\"og:locale\" content=\"it_IT\" \/>\n<meta property=\"og:type\" content=\"article\" \/>\n<meta property=\"og:title\" content=\"Impressum\" \/>\n<meta property=\"og:description\" content=\"Impressum\" \/>\n<meta property=\"og:url\" content=\"https:\/\/www.trutscherhaeusl.com\/it\/impressum\/\" \/>\n<meta property=\"og:site_name\" content=\"Trutscher Haeusl\" \/>\n<meta property=\"article:modified_time\" content=\"2026-02-09T13:33:04+00:00\" \/>\n<meta name=\"twitter:card\" content=\"summary_large_image\" \/>\n<meta name=\"twitter:label1\" content=\"Tempo di lettura stimato\" \/>\n\t<meta name=\"twitter:data1\" content=\"3 minuti\" \/>\n<script type=\"application\/ld+json\" class=\"yoast-schema-graph\">{\"@context\":\"https:\/\/schema.org\",\"@graph\":[{\"@type\":\"WebPage\",\"@id\":\"https:\/\/www.trutscherhaeusl.com\/it\/impressum\/\",\"url\":\"https:\/\/www.trutscherhaeusl.com\/it\/impressum\/\",\"name\":\"Impressum\",\"isPartOf\":{\"@id\":\"https:\/\/www.trutscherhaeusl.com\/it\/#website\"},\"datePublished\":\"2025-10-15T06:38:11+00:00\",\"dateModified\":\"2026-02-09T13:33:04+00:00\",\"description\":\"Impressum\",\"breadcrumb\":{\"@id\":\"https:\/\/www.trutscherhaeusl.com\/it\/impressum\/#breadcrumb\"},\"inLanguage\":\"it-IT\",\"potentialAction\":[{\"@type\":\"ReadAction\",\"target\":[\"https:\/\/www.trutscherhaeusl.com\/it\/impressum\/\"]}]},{\"@type\":\"BreadcrumbList\",\"@id\":\"https:\/\/www.trutscherhaeusl.com\/it\/impressum\/#breadcrumb\",\"itemListElement\":[{\"@type\":\"ListItem\",\"position\":1,\"name\":\"Startseite\",\"item\":\"https:\/\/www.trutscherhaeusl.com\/it\/trutscher-haeusl\/\"},{\"@type\":\"ListItem\",\"position\":2,\"name\":\"Impressum\"}]},{\"@type\":\"WebSite\",\"@id\":\"https:\/\/www.trutscherhaeusl.com\/it\/#website\",\"url\":\"https:\/\/www.trutscherhaeusl.com\/it\/\",\"name\":\"Trutscher Haeusl\",\"description\":\"\",\"publisher\":{\"@id\":\"https:\/\/www.trutscherhaeusl.com\/it\/#organization\"},\"potentialAction\":[{\"@type\":\"SearchAction\",\"target\":{\"@type\":\"EntryPoint\",\"urlTemplate\":\"https:\/\/www.trutscherhaeusl.com\/it\/?s={search_term_string}\"},\"query-input\":{\"@type\":\"PropertyValueSpecification\",\"valueRequired\":true,\"valueName\":\"search_term_string\"}}],\"inLanguage\":\"it-IT\"},{\"@type\":\"Organization\",\"@id\":\"https:\/\/www.trutscherhaeusl.com\/it\/#organization\",\"name\":\"Trutscher Haeusl\",\"url\":\"https:\/\/www.trutscherhaeusl.com\/it\/\",\"logo\":{\"@type\":\"ImageObject\",\"inLanguage\":\"it-IT\",\"@id\":\"https:\/\/www.trutscherhaeusl.com\/it\/#\/schema\/logo\/image\/\",\"url\":\"https:\/\/www.trutscherhaeusl.com\/wp-content\/uploads\/2025\/10\/Gruppe-33@2x.png\",\"contentUrl\":\"https:\/\/www.trutscherhaeusl.com\/wp-content\/uploads\/2025\/10\/Gruppe-33@2x.png\",\"width\":928,\"height\":279,\"caption\":\"Trutscher Haeusl\"},\"image\":{\"@id\":\"https:\/\/www.trutscherhaeusl.com\/it\/#\/schema\/logo\/image\/\"}}]}<\/script>\n<!-- \/ Yoast SEO plugin. -->","yoast_head_json":{"title":"Impressum","description":"Impressum","robots":{"index":"noindex","follow":"follow"},"og_locale":"it_IT","og_type":"article","og_title":"Impressum","og_description":"Impressum","og_url":"https:\/\/www.trutscherhaeusl.com\/it\/impressum\/","og_site_name":"Trutscher Haeusl","article_modified_time":"2026-02-09T13:33:04+00:00","twitter_card":"summary_large_image","twitter_misc":{"Tempo di lettura stimato":"3 minuti"},"schema":{"@context":"https:\/\/schema.org","@graph":[{"@type":"WebPage","@id":"https:\/\/www.trutscherhaeusl.com\/it\/impressum\/","url":"https:\/\/www.trutscherhaeusl.com\/it\/impressum\/","name":"Impressum","isPartOf":{"@id":"https:\/\/www.trutscherhaeusl.com\/it\/#website"},"datePublished":"2025-10-15T06:38:11+00:00","dateModified":"2026-02-09T13:33:04+00:00","description":"Impressum","breadcrumb":{"@id":"https:\/\/www.trutscherhaeusl.com\/it\/impressum\/#breadcrumb"},"inLanguage":"it-IT","potentialAction":[{"@type":"ReadAction","target":["https:\/\/www.trutscherhaeusl.com\/it\/impressum\/"]}]},{"@type":"BreadcrumbList","@id":"https:\/\/www.trutscherhaeusl.com\/it\/impressum\/#breadcrumb","itemListElement":[{"@type":"ListItem","position":1,"name":"Startseite","item":"https:\/\/www.trutscherhaeusl.com\/it\/trutscher-haeusl\/"},{"@type":"ListItem","position":2,"name":"Impressum"}]},{"@type":"WebSite","@id":"https:\/\/www.trutscherhaeusl.com\/it\/#website","url":"https:\/\/www.trutscherhaeusl.com\/it\/","name":"Trutscher Haeusl","description":"","publisher":{"@id":"https:\/\/www.trutscherhaeusl.com\/it\/#organization"},"potentialAction":[{"@type":"SearchAction","target":{"@type":"EntryPoint","urlTemplate":"https:\/\/www.trutscherhaeusl.com\/it\/?s={search_term_string}"},"query-input":{"@type":"PropertyValueSpecification","valueRequired":true,"valueName":"search_term_string"}}],"inLanguage":"it-IT"},{"@type":"Organization","@id":"https:\/\/www.trutscherhaeusl.com\/it\/#organization","name":"Trutscher Haeusl","url":"https:\/\/www.trutscherhaeusl.com\/it\/","logo":{"@type":"ImageObject","inLanguage":"it-IT","@id":"https:\/\/www.trutscherhaeusl.com\/it\/#\/schema\/logo\/image\/","url":"https:\/\/www.trutscherhaeusl.com\/wp-content\/uploads\/2025\/10\/Gruppe-33@2x.png","contentUrl":"https:\/\/www.trutscherhaeusl.com\/wp-content\/uploads\/2025\/10\/Gruppe-33@2x.png","width":928,"height":279,"caption":"Trutscher Haeusl"},"image":{"@id":"https:\/\/www.trutscherhaeusl.com\/it\/#\/schema\/logo\/image\/"}}]}},"_links":{"self":[{"href":"https:\/\/www.trutscherhaeusl.com\/it\/wp-json\/wp\/v2\/pages\/709","targetHints":{"allow":["GET"]}}],"collection":[{"href":"https:\/\/www.trutscherhaeusl.com\/it\/wp-json\/wp\/v2\/pages"}],"about":[{"href":"https:\/\/www.trutscherhaeusl.com\/it\/wp-json\/wp\/v2\/types\/page"}],"author":[{"embeddable":true,"href":"https:\/\/www.trutscherhaeusl.com\/it\/wp-json\/wp\/v2\/users\/1"}],"replies":[{"embeddable":true,"href":"https:\/\/www.trutscherhaeusl.com\/it\/wp-json\/wp\/v2\/comments?post=709"}],"version-history":[{"count":28,"href":"https:\/\/www.trutscherhaeusl.com\/it\/wp-json\/wp\/v2\/pages\/709\/revisions"}],"predecessor-version":[{"id":2199,"href":"https:\/\/www.trutscherhaeusl.com\/it\/wp-json\/wp\/v2\/pages\/709\/revisions\/2199"}],"wp:attachment":[{"href":"https:\/\/www.trutscherhaeusl.com\/it\/wp-json\/wp\/v2\/media?parent=709"}],"curies":[{"name":"wp","href":"https:\/\/api.w.org\/{rel}","templated":true}]}}